{"id":153,"date":"2018-10-25T11:27:47","date_gmt":"2018-10-25T11:27:47","guid":{"rendered":"https:\/\/futuriodemos.com\/woocommerce-fashion\/?page_id=153"},"modified":"2020-05-12T10:19:10","modified_gmt":"2020-05-12T13:19:10","slug":"contact","status":"publish","type":"page","link":"https:\/\/ead.escoladieese.edu.br\/index.php\/contact\/","title":{"rendered":"Contact"},"content":{"rendered":"\t\t<div data-elementor-type=\"wp-post\" data-elementor-id=\"153\" class=\"elementor elementor-153\">\n\t\t\t\t\t\t<section class=\"elementor-section elementor-top-section elementor-element elementor-element-dc992e7 elementor-section-boxed elementor-section-height-default elementor-section-height-default\" data-id=\"dc992e7\" data-element_type=\"section\" data-settings=\"{&quot;background_background&quot;:&quot;classic&quot;}\">\n\t\t\t\t\t\t\t<div class=\"elementor-background-overlay\"><\/div>\n\t\t\t\t\t\t\t<div class=\"elementor-container elementor-column-gap-default\">\n\t\t\t\t\t<div class=\"elementor-column elementor-col-100 elementor-top-column elementor-element elementor-element-befc456\" data-id=\"befc456\" data-element_type=\"column\">\n\t\t\t<div class=\"elementor-widget-wrap elementor-element-populated\">\n\t\t\t\t\t\t<section class=\"elementor-section elementor-inner-section elementor-element elementor-element-92435a9 elementor-section-boxed elementor-section-height-default elementor-section-height-default\" data-id=\"92435a9\" data-element_type=\"section\">\n\t\t\t\t\t\t<div class=\"elementor-container elementor-column-gap-default\">\n\t\t\t\t\t<div class=\"elementor-column elementor-col-100 elementor-inner-column elementor-element elementor-element-62d6009\" data-id=\"62d6009\" data-element_type=\"column\">\n\t\t\t<div class=\"elementor-widget-wrap elementor-element-populated\">\n\t\t\t\t\t\t<div class=\"elementor-element elementor-element-8fe5757 elementor-widget elementor-widget-heading\" data-id=\"8fe5757\" data-element_type=\"widget\" data-widget_type=\"heading.default\">\n\t\t\t\t<div class=\"elementor-widget-container\">\n\t\t\t<h4 class=\"elementor-heading-title elementor-size-default\">Contato<\/h4>\t\t<\/div>\n\t\t\t\t<\/div>\n\t\t\t\t<div class=\"elementor-element elementor-element-3bda1e2 elementor-widget elementor-widget-heading\" data-id=\"3bda1e2\" data-element_type=\"widget\" data-widget_type=\"heading.default\">\n\t\t\t\t<div class=\"elementor-widget-container\">\n\t\t\t<h1 class=\"elementor-heading-title elementor-size-default\">Fale com a Escola DIEESE<\/h1>\t\t<\/div>\n\t\t\t\t<\/div>\n\t\t\t\t\t<\/div>\n\t\t<\/div>\n\t\t\t\t\t<\/div>\n\t\t<\/section>\n\t\t\t\t\t<\/div>\n\t\t<\/div>\n\t\t\t\t\t<\/div>\n\t\t<\/section>\n\t\t\t\t<section class=\"elementor-section elementor-top-section elementor-element elementor-element-ed935a3 elementor-section-boxed elementor-section-height-default elementor-section-height-default\" data-id=\"ed935a3\" data-element_type=\"section\">\n\t\t\t\t\t\t\t<div class=\"elementor-background-overlay\"><\/div>\n\t\t\t\t\t\t\t<div class=\"elementor-container elementor-column-gap-default\">\n\t\t\t\t\t<div class=\"elementor-column elementor-col-50 elementor-top-column elementor-element elementor-element-17ce592\" data-id=\"17ce592\" data-element_type=\"column\">\n\t\t\t<div class=\"elementor-widget-wrap elementor-element-populated\">\n\t\t\t\t\t\t<div class=\"elementor-element elementor-element-8b9fecb elementor-widget elementor-widget-heading\" data-id=\"8b9fecb\" data-element_type=\"widget\" data-widget_type=\"heading.default\">\n\t\t\t\t<div class=\"elementor-widget-container\">\n\t\t\t<h3 class=\"elementor-heading-title elementor-size-default\">Escrit\u00f3rio Nacional<\/h3>\t\t<\/div>\n\t\t\t\t<\/div>\n\t\t\t\t<div class=\"elementor-element elementor-element-efa97af elementor-widget elementor-widget-text-editor\" data-id=\"efa97af\" data-element_type=\"widget\" data-widget_type=\"text-editor.default\">\n\t\t\t\t<div class=\"elementor-widget-container\">\n\t\t\t\t\t\t\t<p>Rua Aurora, 957, 1\u00ba andar<br \/>Santa Efig\u00eania &#8211; S\u00e3o Paulo\/SP<br \/>CEP 01209-001<br \/>Pr\u00f3ximo ao Metr\u00f4 Rep\u00fablica<\/p>\t\t\t\t\t\t<\/div>\n\t\t\t\t<\/div>\n\t\t\t\t<div class=\"elementor-element elementor-element-535137e elementor-widget elementor-widget-heading\" data-id=\"535137e\" data-element_type=\"widget\" data-widget_type=\"heading.default\">\n\t\t\t\t<div class=\"elementor-widget-container\">\n\t\t\t<h3 class=\"elementor-heading-title elementor-size-default\">Telefones<\/h3>\t\t<\/div>\n\t\t\t\t<\/div>\n\t\t\t\t<div class=\"elementor-element elementor-element-f889a34 elementor-widget elementor-widget-text-editor\" data-id=\"f889a34\" data-element_type=\"widget\" data-widget_type=\"text-editor.default\">\n\t\t\t\t<div class=\"elementor-widget-container\">\n\t\t\t\t\t\t\t<p>(11) 3821-2150<br \/>(11) 3821-2155<\/p>\t\t\t\t\t\t<\/div>\n\t\t\t\t<\/div>\n\t\t\t\t<div class=\"elementor-element elementor-element-eff5079 elementor-widget elementor-widget-heading\" data-id=\"eff5079\" data-element_type=\"widget\" data-widget_type=\"heading.default\">\n\t\t\t\t<div class=\"elementor-widget-container\">\n\t\t\t<h3 class=\"elementor-heading-title elementor-size-default\">E-mail<\/h3>\t\t<\/div>\n\t\t\t\t<\/div>\n\t\t\t\t<div class=\"elementor-element elementor-element-f5f8d60 elementor-widget elementor-widget-text-editor\" data-id=\"f5f8d60\" data-element_type=\"widget\" data-widget_type=\"text-editor.default\">\n\t\t\t\t<div class=\"elementor-widget-container\">\n\t\t\t\t\t\t\t<p><a href=\"mailto:contatoescola@dieese.org.br\">contatoescola@dieese.org.br<\/a><\/p>\t\t\t\t\t\t<\/div>\n\t\t\t\t<\/div>\n\t\t\t\t<div class=\"elementor-element elementor-element-fc05b6e elementor-widget elementor-widget-heading\" data-id=\"fc05b6e\" data-element_type=\"widget\" data-widget_type=\"heading.default\">\n\t\t\t\t<div class=\"elementor-widget-container\">\n\t\t\t<h3 class=\"elementor-heading-title elementor-size-default\">Suporte T\u00e9cnico<\/h3>\t\t<\/div>\n\t\t\t\t<\/div>\n\t\t\t\t<div class=\"elementor-element elementor-element-2eac8f5 elementor-widget elementor-widget-text-editor\" data-id=\"2eac8f5\" data-element_type=\"widget\" data-widget_type=\"text-editor.default\">\n\t\t\t\t<div class=\"elementor-widget-container\">\n\t\t\t\t\t\t\t<p><a href=\"http:\/\/monitoria@kaptiva.com.br\">monitoria@kaptiva.com.br<\/a><\/p>\t\t\t\t\t\t<\/div>\n\t\t\t\t<\/div>\n\t\t\t\t\t<\/div>\n\t\t<\/div>\n\t\t\t\t<div class=\"elementor-column elementor-col-50 elementor-top-column elementor-element elementor-element-b301212\" data-id=\"b301212\" data-element_type=\"column\">\n\t\t\t<div class=\"elementor-widget-wrap elementor-element-populated\">\n\t\t\t\t\t\t<div class=\"elementor-element elementor-element-9db4abb elementor-widget elementor-widget-google_maps\" data-id=\"9db4abb\" data-element_type=\"widget\" data-widget_type=\"google_maps.default\">\n\t\t\t\t<div class=\"elementor-widget-container\">\n\t\t\t\t\t<div class=\"elementor-custom-embed\">\n\t\t\t<iframe loading=\"lazy\"\n\t\t\t\t\tsrc=\"https:\/\/maps.google.com\/maps?q=R.%20Aurora%2C%20957%20-%20Santa%20Ifig%C3%AAnia%2C%20S%C3%A3o%20Paulo%2C%20Brasil&#038;t=m&#038;z=14&#038;output=embed&#038;iwloc=near\"\n\t\t\t\t\ttitle=\"R. Aurora, 957 - Santa Ifig\u00eania, S\u00e3o Paulo, Brasil\"\n\t\t\t\t\taria-label=\"R. Aurora, 957 - Santa Ifig\u00eania, S\u00e3o Paulo, Brasil\"\n\t\t\t><\/iframe>\n\t\t<\/div>\n\t\t\t\t<\/div>\n\t\t\t\t<\/div>\n\t\t\t\t\t<\/div>\n\t\t<\/div>\n\t\t\t\t\t<\/div>\n\t\t<\/section>\n\t\t\t\t<section class=\"elementor-section elementor-top-section elementor-element elementor-element-20814f7 elementor-section-boxed elementor-section-height-default elementor-section-height-default\" data-id=\"20814f7\" data-element_type=\"section\">\n\t\t\t\t\t\t<div class=\"elementor-container elementor-column-gap-default\">\n\t\t\t\t\t<div class=\"elementor-column elementor-col-100 elementor-top-column elementor-element elementor-element-a848df4\" data-id=\"a848df4\" data-element_type=\"column\">\n\t\t\t<div class=\"elementor-widget-wrap elementor-element-populated\">\n\t\t\t\t\t\t<section class=\"elementor-section elementor-inner-section elementor-element elementor-element-97c5c8a elementor-section-boxed elementor-section-height-default elementor-section-height-default\" data-id=\"97c5c8a\" data-element_type=\"section\">\n\t\t\t\t\t\t<div class=\"elementor-container elementor-column-gap-default\">\n\t\t\t\t\t<div class=\"elementor-column elementor-col-100 elementor-inner-column elementor-element elementor-element-3230a90\" data-id=\"3230a90\" data-element_type=\"column\">\n\t\t\t<div class=\"elementor-widget-wrap elementor-element-populated\">\n\t\t\t\t\t\t<div class=\"elementor-element elementor-element-a6e4d42 elementor-widget elementor-widget-heading\" data-id=\"a6e4d42\" data-element_type=\"widget\" data-widget_type=\"heading.default\">\n\t\t\t\t<div class=\"elementor-widget-container\">\n\t\t\t<h2 class=\"elementor-heading-title elementor-size-default\">Redes Sociais<\/h2>\t\t<\/div>\n\t\t\t\t<\/div>\n\t\t\t\t<div class=\"elementor-element elementor-element-aa8ce16 elementor-shape-circle elementor-grid-0 e-grid-align-center elementor-widget elementor-widget-social-icons\" data-id=\"aa8ce16\" data-element_type=\"widget\" data-widget_type=\"social-icons.default\">\n\t\t\t\t<div class=\"elementor-widget-container\">\n\t\t\t\t\t<div class=\"elementor-social-icons-wrapper elementor-grid\">\n\t\t\t\t\t\t\t<span class=\"elementor-grid-item\">\n\t\t\t\t\t<a class=\"elementor-icon elementor-social-icon elementor-social-icon-soundcloud elementor-animation-float elementor-repeater-item-936ea2c\" href=\"https:\/\/www.dieese.org.br\/materialinstitucional\/soundcloud.html\" target=\"_blank\">\n\t\t\t\t\t\t<span class=\"elementor-screen-only\">Soundcloud<\/span>\n\t\t\t\t\t\t\t\t\t\t\t\t\t<i class=\"fa fa-soundcloud\"><\/i>\n\t\t\t\t\t\t\t\t\t\t\t<\/a>\n\t\t\t\t<\/span>\n\t\t\t\t\t\t\t<span class=\"elementor-grid-item\">\n\t\t\t\t\t<a class=\"elementor-icon elementor-social-icon elementor-social-icon-facebook elementor-animation-float elementor-repeater-item-5b53172\" href=\"https:\/\/www.facebook.com\/pages\/Escola-Dieese-de-Cincias-do-Trabalho\/235225859906492#!\/pages\/DIEESE\/254544597917109?sk=info\" target=\"_blank\">\n\t\t\t\t\t\t<span class=\"elementor-screen-only\">Facebook<\/span>\n\t\t\t\t\t\t\t\t\t\t\t\t\t<i class=\"fa fa-facebook\"><\/i>\n\t\t\t\t\t\t\t\t\t\t\t<\/a>\n\t\t\t\t<\/span>\n\t\t\t\t\t\t\t<span class=\"elementor-grid-item\">\n\t\t\t\t\t<a class=\"elementor-icon elementor-social-icon elementor-social-icon-twitter elementor-animation-float elementor-repeater-item-f72946a\" href=\"https:\/\/twitter.com\/#!\/dieese_online\" target=\"_blank\">\n\t\t\t\t\t\t<span class=\"elementor-screen-only\">Twitter<\/span>\n\t\t\t\t\t\t\t\t\t\t\t\t\t<i class=\"fa fa-twitter\"><\/i>\n\t\t\t\t\t\t\t\t\t\t\t<\/a>\n\t\t\t\t<\/span>\n\t\t\t\t\t\t\t<span class=\"elementor-grid-item\">\n\t\t\t\t\t<a class=\"elementor-icon elementor-social-icon elementor-social-icon-youtube elementor-animation-float elementor-repeater-item-5f67305\" href=\"https:\/\/www.youtube.com\/user\/DIEESEonline\/videos\" target=\"_blank\">\n\t\t\t\t\t\t<span class=\"elementor-screen-only\">Youtube<\/span>\n\t\t\t\t\t\t\t\t\t\t\t\t\t<i class=\"fa fa-youtube\"><\/i>\n\t\t\t\t\t\t\t\t\t\t\t<\/a>\n\t\t\t\t<\/span>\n\t\t\t\t\t<\/div>\n\t\t\t\t<\/div>\n\t\t\t\t<\/div>\n\t\t\t\t\t<\/div>\n\t\t<\/div>\n\t\t\t\t\t<\/div>\n\t\t<\/section>\n\t\t\t\t\t<\/div>\n\t\t<\/div>\n\t\t\t\t\t<\/div>\n\t\t<\/section>\n\t\t\t\t<\/div>\n\t\t","protected":false},"excerpt":{"rendered":"<p>Contato Fale com a Escola DIEESE Escrit\u00f3rio Nacional Rua Aurora, 957, 1\u00ba andarSanta Efig\u00eania &#8211; S\u00e3o Paulo\/SPCEP 01209-001Pr\u00f3ximo ao Metr\u00f4 Rep\u00fablica Telefones (11) 3821-2150(11) 3821-2155 E-mail contatoescola@dieese.org.br Suporte T\u00e9cnico monitoria@kaptiva.com.br Redes Sociais Soundcloud Facebook Twitter Youtube<\/p>\n","protected":false},"author":32,"featured_media":0,"parent":0,"menu_order":0,"comment_status":"closed","ping_status":"closed","template":"","meta":{"_exactmetrics_skip_tracking":false,"_exactmetrics_sitenote_active":false,"_exactmetrics_sitenote_note":"","_exactmetrics_sitenote_category":0,"footnotes":""},"class_list":["post-153","page","type-page","status-publish","hentry"],"yoast_head":"<!-- This site is optimized with the Yoast SEO plugin v23.3 - https:\/\/yoast.com\/wordpress\/plugins\/seo\/ -->\n<title>Contact - Escola Dieese de Ci\u00eancias do Trabalho<\/title>\n<meta name=\"robots\" content=\"index, follow, max-snippet:-1, max-image-preview:large, max-video-preview:-1\" \/>\n<link rel=\"canonical\" href=\"https:\/\/ead.escoladieese.edu.br\/index.php\/contact\/\" \/>\n<meta property=\"og:locale\" content=\"pt_BR\" \/>\n<meta property=\"og:type\" content=\"article\" \/>\n<meta property=\"og:title\" content=\"Contact - Escola Dieese de Ci\u00eancias do Trabalho\" \/>\n<meta property=\"og:description\" content=\"Contato Fale com a Escola DIEESE Escrit\u00f3rio Nacional Rua Aurora, 957, 1\u00ba andarSanta Efig\u00eania &#8211; S\u00e3o Paulo\/SPCEP 01209-001Pr\u00f3ximo ao Metr\u00f4 Rep\u00fablica Telefones (11) 3821-2150(11) 3821-2155 E-mail contatoescola@dieese.org.br Suporte T\u00e9cnico monitoria@kaptiva.com.br Redes Sociais Soundcloud Facebook Twitter Youtube\" \/>\n<meta property=\"og:url\" content=\"https:\/\/ead.escoladieese.edu.br\/index.php\/contact\/\" \/>\n<meta property=\"og:site_name\" content=\"Escola Dieese de Ci\u00eancias do Trabalho\" \/>\n<meta property=\"article:modified_time\" content=\"2020-05-12T13:19:10+00:00\" \/>\n<meta name=\"twitter:card\" content=\"summary_large_image\" \/>\n<script type=\"application\/ld+json\" class=\"yoast-schema-graph\">{\"@context\":\"https:\/\/schema.org\",\"@graph\":[{\"@type\":\"WebPage\",\"@id\":\"https:\/\/ead.escoladieese.edu.br\/index.php\/contact\/\",\"url\":\"https:\/\/ead.escoladieese.edu.br\/index.php\/contact\/\",\"name\":\"Contact - Escola Dieese de Ci\u00eancias do Trabalho\",\"isPartOf\":{\"@id\":\"https:\/\/ead.escoladieese.edu.br\/#website\"},\"datePublished\":\"2018-10-25T11:27:47+00:00\",\"dateModified\":\"2020-05-12T13:19:10+00:00\",\"breadcrumb\":{\"@id\":\"https:\/\/ead.escoladieese.edu.br\/index.php\/contact\/#breadcrumb\"},\"inLanguage\":\"pt-BR\",\"potentialAction\":[{\"@type\":\"ReadAction\",\"target\":[\"https:\/\/ead.escoladieese.edu.br\/index.php\/contact\/\"]}]},{\"@type\":\"BreadcrumbList\",\"@id\":\"https:\/\/ead.escoladieese.edu.br\/index.php\/contact\/#breadcrumb\",\"itemListElement\":[{\"@type\":\"ListItem\",\"position\":1,\"name\":\"In\u00edcio\",\"item\":\"https:\/\/ead.escoladieese.edu.br\/\"},{\"@type\":\"ListItem\",\"position\":2,\"name\":\"Contact\"}]},{\"@type\":\"WebSite\",\"@id\":\"https:\/\/ead.escoladieese.edu.br\/#website\",\"url\":\"https:\/\/ead.escoladieese.edu.br\/\",\"name\":\"Escola Dieese de Ci\u00eancias do Trabalho\",\"description\":\"\",\"publisher\":{\"@id\":\"https:\/\/ead.escoladieese.edu.br\/#organization\"},\"potentialAction\":[{\"@type\":\"SearchAction\",\"target\":{\"@type\":\"EntryPoint\",\"urlTemplate\":\"https:\/\/ead.escoladieese.edu.br\/?s={search_term_string}\"},\"query-input\":\"required name=search_term_string\"}],\"inLanguage\":\"pt-BR\"},{\"@type\":\"Organization\",\"@id\":\"https:\/\/ead.escoladieese.edu.br\/#organization\",\"name\":\"Escola Dieese de Ci\u00eancias do Trabalho\",\"url\":\"https:\/\/ead.escoladieese.edu.br\/\",\"logo\":{\"@type\":\"ImageObject\",\"inLanguage\":\"pt-BR\",\"@id\":\"https:\/\/ead.escoladieese.edu.br\/#\/schema\/logo\/image\/\",\"url\":\"https:\/\/ead.escoladieese.edu.br\/wp-content\/uploads\/2019\/04\/cropped-dieese_3.png\",\"contentUrl\":\"https:\/\/ead.escoladieese.edu.br\/wp-content\/uploads\/2019\/04\/cropped-dieese_3.png\",\"width\":276,\"height\":71,\"caption\":\"Escola Dieese de Ci\u00eancias do Trabalho\"},\"image\":{\"@id\":\"https:\/\/ead.escoladieese.edu.br\/#\/schema\/logo\/image\/\"}}]}<\/script>\n<!-- \/ Yoast SEO plugin. -->","yoast_head_json":{"title":"Contact - Escola Dieese de Ci\u00eancias do Trabalho","robots":{"index":"index","follow":"follow","max-snippet":"max-snippet:-1","max-image-preview":"max-image-preview:large","max-video-preview":"max-video-preview:-1"},"canonical":"https:\/\/ead.escoladieese.edu.br\/index.php\/contact\/","og_locale":"pt_BR","og_type":"article","og_title":"Contact - Escola Dieese de Ci\u00eancias do Trabalho","og_description":"Contato Fale com a Escola DIEESE Escrit\u00f3rio Nacional Rua Aurora, 957, 1\u00ba andarSanta Efig\u00eania &#8211; S\u00e3o Paulo\/SPCEP 01209-001Pr\u00f3ximo ao Metr\u00f4 Rep\u00fablica Telefones (11) 3821-2150(11) 3821-2155 E-mail contatoescola@dieese.org.br Suporte T\u00e9cnico monitoria@kaptiva.com.br Redes Sociais Soundcloud Facebook Twitter Youtube","og_url":"https:\/\/ead.escoladieese.edu.br\/index.php\/contact\/","og_site_name":"Escola Dieese de Ci\u00eancias do Trabalho","article_modified_time":"2020-05-12T13:19:10+00:00","twitter_card":"summary_large_image","schema":{"@context":"https:\/\/schema.org","@graph":[{"@type":"WebPage","@id":"https:\/\/ead.escoladieese.edu.br\/index.php\/contact\/","url":"https:\/\/ead.escoladieese.edu.br\/index.php\/contact\/","name":"Contact - Escola Dieese de Ci\u00eancias do Trabalho","isPartOf":{"@id":"https:\/\/ead.escoladieese.edu.br\/#website"},"datePublished":"2018-10-25T11:27:47+00:00","dateModified":"2020-05-12T13:19:10+00:00","breadcrumb":{"@id":"https:\/\/ead.escoladieese.edu.br\/index.php\/contact\/#breadcrumb"},"inLanguage":"pt-BR","potentialAction":[{"@type":"ReadAction","target":["https:\/\/ead.escoladieese.edu.br\/index.php\/contact\/"]}]},{"@type":"BreadcrumbList","@id":"https:\/\/ead.escoladieese.edu.br\/index.php\/contact\/#breadcrumb","itemListElement":[{"@type":"ListItem","position":1,"name":"In\u00edcio","item":"https:\/\/ead.escoladieese.edu.br\/"},{"@type":"ListItem","position":2,"name":"Contact"}]},{"@type":"WebSite","@id":"https:\/\/ead.escoladieese.edu.br\/#website","url":"https:\/\/ead.escoladieese.edu.br\/","name":"Escola Dieese de Ci\u00eancias do Trabalho","description":"","publisher":{"@id":"https:\/\/ead.escoladieese.edu.br\/#organization"},"potentialAction":[{"@type":"SearchAction","target":{"@type":"EntryPoint","urlTemplate":"https:\/\/ead.escoladieese.edu.br\/?s={search_term_string}"},"query-input":"required name=search_term_string"}],"inLanguage":"pt-BR"},{"@type":"Organization","@id":"https:\/\/ead.escoladieese.edu.br\/#organization","name":"Escola Dieese de Ci\u00eancias do Trabalho","url":"https:\/\/ead.escoladieese.edu.br\/","logo":{"@type":"ImageObject","inLanguage":"pt-BR","@id":"https:\/\/ead.escoladieese.edu.br\/#\/schema\/logo\/image\/","url":"https:\/\/ead.escoladieese.edu.br\/wp-content\/uploads\/2019\/04\/cropped-dieese_3.png","contentUrl":"https:\/\/ead.escoladieese.edu.br\/wp-content\/uploads\/2019\/04\/cropped-dieese_3.png","width":276,"height":71,"caption":"Escola Dieese de Ci\u00eancias do Trabalho"},"image":{"@id":"https:\/\/ead.escoladieese.edu.br\/#\/schema\/logo\/image\/"}}]}},"_links":{"self":[{"href":"https:\/\/ead.escoladieese.edu.br\/index.php\/wp-json\/wp\/v2\/pages\/153"}],"collection":[{"href":"https:\/\/ead.escoladieese.edu.br\/index.php\/wp-json\/wp\/v2\/pages"}],"about":[{"href":"https:\/\/ead.escoladieese.edu.br\/index.php\/wp-json\/wp\/v2\/types\/page"}],"author":[{"embeddable":true,"href":"https:\/\/ead.escoladieese.edu.br\/index.php\/wp-json\/wp\/v2\/users\/32"}],"replies":[{"embeddable":true,"href":"https:\/\/ead.escoladieese.edu.br\/index.php\/wp-json\/wp\/v2\/comments?post=153"}],"version-history":[{"count":8,"href":"https:\/\/ead.escoladieese.edu.br\/index.php\/wp-json\/wp\/v2\/pages\/153\/revisions"}],"predecessor-version":[{"id":3877,"href":"https:\/\/ead.escoladieese.edu.br\/index.php\/wp-json\/wp\/v2\/pages\/153\/revisions\/3877"}],"wp:attachment":[{"href":"https:\/\/ead.escoladieese.edu.br\/index.php\/wp-json\/wp\/v2\/media?parent=153"}],"curies":[{"name":"wp","href":"https:\/\/api.w.org\/{rel}","templated":true}]}}