{"id":1880,"date":"2020-04-30T12:19:02","date_gmt":"2020-04-30T15:19:02","guid":{"rendered":"https:\/\/ead.escoladieese.edu.br\/?post_type=product&#038;p=1880"},"modified":"2025-09-30T15:19:56","modified_gmt":"2025-09-30T18:19:56","slug":"historia-do-movimento-sindical-no-brasil","status":"publish","type":"product","link":"https:\/\/ead.escoladieese.edu.br\/index.php\/produto\/historia-do-movimento-sindical-no-brasil\/","title":{"rendered":"Hist\u00f3ria do Movimento Sindical no Brasil"},"content":{"rendered":"<pre><b>Apresenta\u00e7\u00e3o do Curso<\/b><\/pre>\n<p>Este curso apresentar\u00e1 ao estudante o contexto hist\u00f3rico do surgimento dos primeiros sindicatos na Europa e um percurso cronol\u00f3gico dos sindicatos no Brasil. Essa trajet\u00f3ria possibilitar\u00e1 a compreens\u00e3o do conceito de sindicato e, consequentemente, a compreens\u00e3o do papel hist\u00f3rico dessa institui\u00e7\u00e3o na constitui\u00e7\u00e3o do mundo democr\u00e1tico contempor\u00e2neo.<\/p>\n<p><b>Programa<\/b><\/p>\n<p>1. Defini\u00e7\u00e3o de sindicato e contexto hist\u00f3rico<\/p>\n<p>2. O movimento sindical na Primeira Rep\u00fablica<\/p>\n<p>3. O primeiro governo Vargas e o enquadramento sindical<\/p>\n<p>4. As iniciativas intersindicais durante a \u201cRep\u00fablica Populista\u201d<\/p>\n<p>5. O golpe civil-militar e o \u201cNovo Sindicalismo\u201d<\/p>\n<p>6. Panorama do Movimento Sindical na Nova Rep\u00fablica<\/p>\n<p><b>Formato<\/b><\/p>\n<p>O curso est\u00e1 dividido em seis aulas. Para cada aula h\u00e1 um v\u00eddeo introdut\u00f3rio, textos, dicas de v\u00eddeos e exerc\u00edcios. O tempo estimado para o desenvolvimento de cada aula \u00e9 de duas horas.<\/p>\n<p>Sobre o professor autor:<\/p>\n<p><b>Samuel Fernando de Souza<\/b><\/p>\n<p>Professor da Escola DIEESE de Ci\u00eancias do Trabalho desde 2012. Formado em Hist\u00f3ria pela UNESP e doutor em Hist\u00f3ria Social do Trabalho pela Unicamp.<\/p>\n<p>Curr\u00edculo Lattes: <a href=\"http:\/\/lattes.cnpq.br\/8685129398338777\">http:\/\/lattes.cnpq.br\/8685129398338777<\/a><\/p>\n","protected":false},"excerpt":{"rendered":"<p>Conhe\u00e7a no v\u00eddeo abaixo o que te espera ao longo desse curso:<\/p>\n<div style=\"padding: 56.25% 0 0 0; position: relative;\"><iframe style=\"position: absolute; top: 0; left: 0; width: 100%; height: 100%;\" title=\"Dieese - Mov. Sindical - teaser\" src=\"https:\/\/webflixs.b-cdn.net\/DIEESE\/Dieese_-_Mov._Sindical_-_teaser.mp4\" frameborder=\"0\" allowfullscreen=\"allowfullscreen\"><br \/>\n<\/iframe><\/div>\n<p><b>Carga Hor\u00e1ria:<\/b> 12 horas<br \/>\n<b>Dedica\u00e7\u00e3o sugerida:<\/b> 2 horas por semana<br \/>\n<b>Disponibilidade do curso:<\/b> 1 ano<\/p>\n","protected":false},"featured_media":1878,"template":"","meta":{"_exactmetrics_skip_tracking":false,"_exactmetrics_sitenote_active":false,"_exactmetrics_sitenote_note":"","_exactmetrics_sitenote_category":0},"product_cat":[18],"product_tag":[],"class_list":{"0":"post-1880","1":"product","2":"type-product","3":"status-publish","4":"has-post-thumbnail","6":"product_cat-escoladieese","8":"first","9":"instock","10":"sale","11":"virtual","12":"sold-individually","13":"purchasable","14":"product-type-simple"},"yoast_head":"<!-- This site is optimized with the Yoast SEO plugin v23.3 - https:\/\/yoast.com\/wordpress\/plugins\/seo\/ -->\n<title>Hist\u00f3ria do Movimento Sindical no Brasil - Escola Dieese de Ci\u00eancias do Trabalho<\/title>\n<meta name=\"robots\" content=\"index, follow, max-snippet:-1, max-image-preview:large, max-video-preview:-1\" \/>\n<link rel=\"canonical\" href=\"https:\/\/ead.escoladieese.edu.br\/index.php\/produto\/historia-do-movimento-sindical-no-brasil\/\" \/>\n<meta property=\"og:locale\" content=\"pt_BR\" \/>\n<meta property=\"og:type\" content=\"article\" \/>\n<meta property=\"og:title\" content=\"Hist\u00f3ria do Movimento Sindical no Brasil - Escola Dieese de Ci\u00eancias do Trabalho\" \/>\n<meta property=\"og:description\" content=\"Conhe\u00e7a no v\u00eddeo abaixo o que te espera ao longo desse curso:   Carga Hor\u00e1ria: 12 horas Dedica\u00e7\u00e3o sugerida: 2 horas por semana Disponibilidade do curso: 1 ano\" \/>\n<meta property=\"og:url\" content=\"https:\/\/ead.escoladieese.edu.br\/index.php\/produto\/historia-do-movimento-sindical-no-brasil\/\" \/>\n<meta property=\"og:site_name\" content=\"Escola Dieese de Ci\u00eancias do Trabalho\" \/>\n<meta property=\"article:modified_time\" content=\"2025-09-30T18:19:56+00:00\" \/>\n<meta property=\"og:image\" content=\"https:\/\/ead.escoladieese.edu.br\/wp-content\/uploads\/2020\/04\/MOVIMENTO_SINDICAL_V3-1-e1588259619488.png\" \/>\n\t<meta property=\"og:image:width\" content=\"483\" \/>\n\t<meta property=\"og:image:height\" content=\"204\" \/>\n\t<meta property=\"og:image:type\" content=\"image\/png\" \/>\n<meta name=\"twitter:card\" content=\"summary_large_image\" \/>\n<meta name=\"twitter:label1\" content=\"Est. tempo de leitura\" \/>\n\t<meta name=\"twitter:data1\" content=\"2 minutos\" \/>\n<script type=\"application\/ld+json\" class=\"yoast-schema-graph\">{\"@context\":\"https:\/\/schema.org\",\"@graph\":[{\"@type\":\"WebPage\",\"@id\":\"https:\/\/ead.escoladieese.edu.br\/index.php\/produto\/historia-do-movimento-sindical-no-brasil\/\",\"url\":\"https:\/\/ead.escoladieese.edu.br\/index.php\/produto\/historia-do-movimento-sindical-no-brasil\/\",\"name\":\"Hist\u00f3ria do Movimento Sindical no Brasil - Escola Dieese de Ci\u00eancias do Trabalho\",\"isPartOf\":{\"@id\":\"https:\/\/ead.escoladieese.edu.br\/#website\"},\"primaryImageOfPage\":{\"@id\":\"https:\/\/ead.escoladieese.edu.br\/index.php\/produto\/historia-do-movimento-sindical-no-brasil\/#primaryimage\"},\"image\":{\"@id\":\"https:\/\/ead.escoladieese.edu.br\/index.php\/produto\/historia-do-movimento-sindical-no-brasil\/#primaryimage\"},\"thumbnailUrl\":\"https:\/\/ead.escoladieese.edu.br\/wp-content\/uploads\/2020\/04\/MOVIMENTO_SINDICAL_V3-1-e1588259619488.png\",\"datePublished\":\"2020-04-30T15:19:02+00:00\",\"dateModified\":\"2025-09-30T18:19:56+00:00\",\"breadcrumb\":{\"@id\":\"https:\/\/ead.escoladieese.edu.br\/index.php\/produto\/historia-do-movimento-sindical-no-brasil\/#breadcrumb\"},\"inLanguage\":\"pt-BR\",\"potentialAction\":[{\"@type\":\"ReadAction\",\"target\":[\"https:\/\/ead.escoladieese.edu.br\/index.php\/produto\/historia-do-movimento-sindical-no-brasil\/\"]}]},{\"@type\":\"ImageObject\",\"inLanguage\":\"pt-BR\",\"@id\":\"https:\/\/ead.escoladieese.edu.br\/index.php\/produto\/historia-do-movimento-sindical-no-brasil\/#primaryimage\",\"url\":\"https:\/\/ead.escoladieese.edu.br\/wp-content\/uploads\/2020\/04\/MOVIMENTO_SINDICAL_V3-1-e1588259619488.png\",\"contentUrl\":\"https:\/\/ead.escoladieese.edu.br\/wp-content\/uploads\/2020\/04\/MOVIMENTO_SINDICAL_V3-1-e1588259619488.png\",\"width\":483,\"height\":204},{\"@type\":\"BreadcrumbList\",\"@id\":\"https:\/\/ead.escoladieese.edu.br\/index.php\/produto\/historia-do-movimento-sindical-no-brasil\/#breadcrumb\",\"itemListElement\":[{\"@type\":\"ListItem\",\"position\":1,\"name\":\"In\u00edcio\",\"item\":\"https:\/\/ead.escoladieese.edu.br\/\"},{\"@type\":\"ListItem\",\"position\":2,\"name\":\"Courses\",\"item\":\"https:\/\/ead.escoladieese.edu.br\/index.php\/minha-conta\/courses\/\"},{\"@type\":\"ListItem\",\"position\":3,\"name\":\"Hist\u00f3ria do Movimento Sindical no Brasil\"}]},{\"@type\":\"WebSite\",\"@id\":\"https:\/\/ead.escoladieese.edu.br\/#website\",\"url\":\"https:\/\/ead.escoladieese.edu.br\/\",\"name\":\"Escola Dieese de Ci\u00eancias do Trabalho\",\"description\":\"\",\"publisher\":{\"@id\":\"https:\/\/ead.escoladieese.edu.br\/#organization\"},\"potentialAction\":[{\"@type\":\"SearchAction\",\"target\":{\"@type\":\"EntryPoint\",\"urlTemplate\":\"https:\/\/ead.escoladieese.edu.br\/?s={search_term_string}\"},\"query-input\":\"required name=search_term_string\"}],\"inLanguage\":\"pt-BR\"},{\"@type\":\"Organization\",\"@id\":\"https:\/\/ead.escoladieese.edu.br\/#organization\",\"name\":\"Escola Dieese de Ci\u00eancias do Trabalho\",\"url\":\"https:\/\/ead.escoladieese.edu.br\/\",\"logo\":{\"@type\":\"ImageObject\",\"inLanguage\":\"pt-BR\",\"@id\":\"https:\/\/ead.escoladieese.edu.br\/#\/schema\/logo\/image\/\",\"url\":\"https:\/\/ead.escoladieese.edu.br\/wp-content\/uploads\/2019\/04\/cropped-dieese_3.png\",\"contentUrl\":\"https:\/\/ead.escoladieese.edu.br\/wp-content\/uploads\/2019\/04\/cropped-dieese_3.png\",\"width\":276,\"height\":71,\"caption\":\"Escola Dieese de Ci\u00eancias do Trabalho\"},\"image\":{\"@id\":\"https:\/\/ead.escoladieese.edu.br\/#\/schema\/logo\/image\/\"}}]}<\/script>\n<!-- \/ Yoast SEO plugin. -->","yoast_head_json":{"title":"Hist\u00f3ria do Movimento Sindical no Brasil - Escola Dieese de Ci\u00eancias do Trabalho","robots":{"index":"index","follow":"follow","max-snippet":"max-snippet:-1","max-image-preview":"max-image-preview:large","max-video-preview":"max-video-preview:-1"},"canonical":"https:\/\/ead.escoladieese.edu.br\/index.php\/produto\/historia-do-movimento-sindical-no-brasil\/","og_locale":"pt_BR","og_type":"article","og_title":"Hist\u00f3ria do Movimento Sindical no Brasil - Escola Dieese de Ci\u00eancias do Trabalho","og_description":"Conhe\u00e7a no v\u00eddeo abaixo o que te espera ao longo desse curso:   Carga Hor\u00e1ria: 12 horas Dedica\u00e7\u00e3o sugerida: 2 horas por semana Disponibilidade do curso: 1 ano","og_url":"https:\/\/ead.escoladieese.edu.br\/index.php\/produto\/historia-do-movimento-sindical-no-brasil\/","og_site_name":"Escola Dieese de Ci\u00eancias do Trabalho","article_modified_time":"2025-09-30T18:19:56+00:00","og_image":[{"width":483,"height":204,"url":"https:\/\/ead.escoladieese.edu.br\/wp-content\/uploads\/2020\/04\/MOVIMENTO_SINDICAL_V3-1-e1588259619488.png","type":"image\/png"}],"twitter_card":"summary_large_image","twitter_misc":{"Est. tempo de leitura":"2 minutos"},"schema":{"@context":"https:\/\/schema.org","@graph":[{"@type":"WebPage","@id":"https:\/\/ead.escoladieese.edu.br\/index.php\/produto\/historia-do-movimento-sindical-no-brasil\/","url":"https:\/\/ead.escoladieese.edu.br\/index.php\/produto\/historia-do-movimento-sindical-no-brasil\/","name":"Hist\u00f3ria do Movimento Sindical no Brasil - Escola Dieese de Ci\u00eancias do Trabalho","isPartOf":{"@id":"https:\/\/ead.escoladieese.edu.br\/#website"},"primaryImageOfPage":{"@id":"https:\/\/ead.escoladieese.edu.br\/index.php\/produto\/historia-do-movimento-sindical-no-brasil\/#primaryimage"},"image":{"@id":"https:\/\/ead.escoladieese.edu.br\/index.php\/produto\/historia-do-movimento-sindical-no-brasil\/#primaryimage"},"thumbnailUrl":"https:\/\/ead.escoladieese.edu.br\/wp-content\/uploads\/2020\/04\/MOVIMENTO_SINDICAL_V3-1-e1588259619488.png","datePublished":"2020-04-30T15:19:02+00:00","dateModified":"2025-09-30T18:19:56+00:00","breadcrumb":{"@id":"https:\/\/ead.escoladieese.edu.br\/index.php\/produto\/historia-do-movimento-sindical-no-brasil\/#breadcrumb"},"inLanguage":"pt-BR","potentialAction":[{"@type":"ReadAction","target":["https:\/\/ead.escoladieese.edu.br\/index.php\/produto\/historia-do-movimento-sindical-no-brasil\/"]}]},{"@type":"ImageObject","inLanguage":"pt-BR","@id":"https:\/\/ead.escoladieese.edu.br\/index.php\/produto\/historia-do-movimento-sindical-no-brasil\/#primaryimage","url":"https:\/\/ead.escoladieese.edu.br\/wp-content\/uploads\/2020\/04\/MOVIMENTO_SINDICAL_V3-1-e1588259619488.png","contentUrl":"https:\/\/ead.escoladieese.edu.br\/wp-content\/uploads\/2020\/04\/MOVIMENTO_SINDICAL_V3-1-e1588259619488.png","width":483,"height":204},{"@type":"BreadcrumbList","@id":"https:\/\/ead.escoladieese.edu.br\/index.php\/produto\/historia-do-movimento-sindical-no-brasil\/#breadcrumb","itemListElement":[{"@type":"ListItem","position":1,"name":"In\u00edcio","item":"https:\/\/ead.escoladieese.edu.br\/"},{"@type":"ListItem","position":2,"name":"Courses","item":"https:\/\/ead.escoladieese.edu.br\/index.php\/minha-conta\/courses\/"},{"@type":"ListItem","position":3,"name":"Hist\u00f3ria do Movimento Sindical no Brasil"}]},{"@type":"WebSite","@id":"https:\/\/ead.escoladieese.edu.br\/#website","url":"https:\/\/ead.escoladieese.edu.br\/","name":"Escola Dieese de Ci\u00eancias do Trabalho","description":"","publisher":{"@id":"https:\/\/ead.escoladieese.edu.br\/#organization"},"potentialAction":[{"@type":"SearchAction","target":{"@type":"EntryPoint","urlTemplate":"https:\/\/ead.escoladieese.edu.br\/?s={search_term_string}"},"query-input":"required name=search_term_string"}],"inLanguage":"pt-BR"},{"@type":"Organization","@id":"https:\/\/ead.escoladieese.edu.br\/#organization","name":"Escola Dieese de Ci\u00eancias do Trabalho","url":"https:\/\/ead.escoladieese.edu.br\/","logo":{"@type":"ImageObject","inLanguage":"pt-BR","@id":"https:\/\/ead.escoladieese.edu.br\/#\/schema\/logo\/image\/","url":"https:\/\/ead.escoladieese.edu.br\/wp-content\/uploads\/2019\/04\/cropped-dieese_3.png","contentUrl":"https:\/\/ead.escoladieese.edu.br\/wp-content\/uploads\/2019\/04\/cropped-dieese_3.png","width":276,"height":71,"caption":"Escola Dieese de Ci\u00eancias do Trabalho"},"image":{"@id":"https:\/\/ead.escoladieese.edu.br\/#\/schema\/logo\/image\/"}}]}},"_links":{"self":[{"href":"https:\/\/ead.escoladieese.edu.br\/index.php\/wp-json\/wp\/v2\/product\/1880"}],"collection":[{"href":"https:\/\/ead.escoladieese.edu.br\/index.php\/wp-json\/wp\/v2\/product"}],"about":[{"href":"https:\/\/ead.escoladieese.edu.br\/index.php\/wp-json\/wp\/v2\/types\/product"}],"version-history":[{"count":12,"href":"https:\/\/ead.escoladieese.edu.br\/index.php\/wp-json\/wp\/v2\/product\/1880\/revisions"}],"predecessor-version":[{"id":18972,"href":"https:\/\/ead.escoladieese.edu.br\/index.php\/wp-json\/wp\/v2\/product\/1880\/revisions\/18972"}],"wp:featuredmedia":[{"embeddable":true,"href":"https:\/\/ead.escoladieese.edu.br\/index.php\/wp-json\/wp\/v2\/media\/1878"}],"wp:attachment":[{"href":"https:\/\/ead.escoladieese.edu.br\/index.php\/wp-json\/wp\/v2\/media?parent=1880"}],"wp:term":[{"taxonomy":"product_cat","embeddable":true,"href":"https:\/\/ead.escoladieese.edu.br\/index.php\/wp-json\/wp\/v2\/product_cat?post=1880"},{"taxonomy":"product_tag","embeddable":true,"href":"https:\/\/ead.escoladieese.edu.br\/index.php\/wp-json\/wp\/v2\/product_tag?post=1880"}],"curies":[{"name":"wp","href":"https:\/\/api.w.org\/{rel}","templated":true}]}}