{"id":204,"date":"2019-02-20T12:25:49","date_gmt":"2019-02-20T15:25:49","guid":{"rendered":"https:\/\/ead.escoladieese.edu.br\/index.php\/produto\/politicas-publicas-de-emprego-trabalho-e-renda-no-brasil\/"},"modified":"2019-12-09T11:08:00","modified_gmt":"2019-12-09T14:08:00","slug":"politicas-publicas-de-emprego-trabalho-e-renda-no-brasil","status":"publish","type":"product","link":"https:\/\/ead.escoladieese.edu.br\/index.php\/produto\/politicas-publicas-de-emprego-trabalho-e-renda-no-brasil\/","title":{"rendered":"Pol\u00edticas P\u00fablicas de Emprego, Trabalho e Renda no Brasil"},"content":{"rendered":"","protected":false},"excerpt":{"rendered":"<p>Este curso est\u00e1 organizado em duas unidades de ensino: a primeira trata das <b>Pol\u00edticas P\u00fablicas<\/b> para voc\u00ea interpretar o conceito de pol\u00edticas p\u00fablicas, ciclo e atores;. A segunda aborda com mais especificidade as <b>Pol\u00edticas P\u00fablicas de Emprego, Trabalho e Renda<\/b>, sua constitui\u00e7\u00e3o no Brasil, seu processo tardio e fragmentado de implementa\u00e7\u00e3o e seus diferentes objetivos, como por exemplo, qualifica\u00e7\u00e3o profissional, inser\u00e7\u00e3o do trabalhador no mercado de trabalho e seguro desemprego. A partir desta abordagem voc\u00ea ir\u00e1 examinar os principais desafios para a consolida\u00e7\u00e3o de um sistema p\u00fablico de emprego, trabalho e renda no Brasil.<\/p>\n","protected":false},"featured_media":207,"template":"","meta":{"_exactmetrics_skip_tracking":false,"_exactmetrics_sitenote_active":false,"_exactmetrics_sitenote_note":"","_exactmetrics_sitenote_category":0},"product_cat":[18],"product_tag":[],"class_list":{"0":"post-204","1":"product","2":"type-product","3":"status-publish","4":"has-post-thumbnail","6":"product_cat-escoladieese","8":"first","9":"outofstock","10":"downloadable","11":"virtual","12":"product-type-simple"},"yoast_head":"<!-- This site is optimized with the Yoast SEO plugin v23.3 - https:\/\/yoast.com\/wordpress\/plugins\/seo\/ -->\n<title>Pol\u00edticas P\u00fablicas de Emprego, Trabalho e Renda no Brasil - Escola Dieese de Ci\u00eancias do Trabalho<\/title>\n<meta name=\"robots\" content=\"index, follow, max-snippet:-1, max-image-preview:large, max-video-preview:-1\" \/>\n<link rel=\"canonical\" href=\"https:\/\/ead.escoladieese.edu.br\/index.php\/produto\/politicas-publicas-de-emprego-trabalho-e-renda-no-brasil\/\" \/>\n<meta property=\"og:locale\" content=\"pt_BR\" \/>\n<meta property=\"og:type\" content=\"article\" \/>\n<meta property=\"og:title\" content=\"Pol\u00edticas P\u00fablicas de Emprego, Trabalho e Renda no Brasil - Escola Dieese de Ci\u00eancias do Trabalho\" \/>\n<meta property=\"og:description\" content=\"Este curso est\u00e1 organizado em duas unidades de ensino: a primeira trata das Pol\u00edticas P\u00fablicas para voc\u00ea interpretar o conceito de pol\u00edticas p\u00fablicas, ciclo e atores;. A segunda aborda com mais especificidade as Pol\u00edticas P\u00fablicas de Emprego, Trabalho e Renda, sua constitui\u00e7\u00e3o no Brasil, seu processo tardio e fragmentado de implementa\u00e7\u00e3o e seus diferentes objetivos, como por exemplo, qualifica\u00e7\u00e3o profissional, inser\u00e7\u00e3o do trabalhador no mercado de trabalho e seguro desemprego. A partir desta abordagem voc\u00ea ir\u00e1 examinar os principais desafios para a consolida\u00e7\u00e3o de um sistema p\u00fablico de emprego, trabalho e renda no Brasil.\" \/>\n<meta property=\"og:url\" content=\"https:\/\/ead.escoladieese.edu.br\/index.php\/produto\/politicas-publicas-de-emprego-trabalho-e-renda-no-brasil\/\" \/>\n<meta property=\"og:site_name\" content=\"Escola Dieese de Ci\u00eancias do Trabalho\" \/>\n<meta property=\"article:modified_time\" content=\"2019-12-09T14:08:00+00:00\" \/>\n<meta property=\"og:image\" content=\"https:\/\/ead.escoladieese.edu.br\/wp-content\/uploads\/2019\/02\/ctps.png\" \/>\n\t<meta property=\"og:image:width\" content=\"640\" \/>\n\t<meta property=\"og:image:height\" content=\"426\" \/>\n\t<meta property=\"og:image:type\" content=\"image\/png\" \/>\n<meta name=\"twitter:card\" content=\"summary_large_image\" \/>\n<script type=\"application\/ld+json\" class=\"yoast-schema-graph\">{\"@context\":\"https:\/\/schema.org\",\"@graph\":[{\"@type\":\"WebPage\",\"@id\":\"https:\/\/ead.escoladieese.edu.br\/index.php\/produto\/politicas-publicas-de-emprego-trabalho-e-renda-no-brasil\/\",\"url\":\"https:\/\/ead.escoladieese.edu.br\/index.php\/produto\/politicas-publicas-de-emprego-trabalho-e-renda-no-brasil\/\",\"name\":\"Pol\u00edticas P\u00fablicas de Emprego, Trabalho e Renda no Brasil - Escola Dieese de Ci\u00eancias do Trabalho\",\"isPartOf\":{\"@id\":\"https:\/\/ead.escoladieese.edu.br\/#website\"},\"primaryImageOfPage\":{\"@id\":\"https:\/\/ead.escoladieese.edu.br\/index.php\/produto\/politicas-publicas-de-emprego-trabalho-e-renda-no-brasil\/#primaryimage\"},\"image\":{\"@id\":\"https:\/\/ead.escoladieese.edu.br\/index.php\/produto\/politicas-publicas-de-emprego-trabalho-e-renda-no-brasil\/#primaryimage\"},\"thumbnailUrl\":\"https:\/\/ead.escoladieese.edu.br\/wp-content\/uploads\/2019\/02\/ctps.png\",\"datePublished\":\"2019-02-20T15:25:49+00:00\",\"dateModified\":\"2019-12-09T14:08:00+00:00\",\"breadcrumb\":{\"@id\":\"https:\/\/ead.escoladieese.edu.br\/index.php\/produto\/politicas-publicas-de-emprego-trabalho-e-renda-no-brasil\/#breadcrumb\"},\"inLanguage\":\"pt-BR\",\"potentialAction\":[{\"@type\":\"ReadAction\",\"target\":[\"https:\/\/ead.escoladieese.edu.br\/index.php\/produto\/politicas-publicas-de-emprego-trabalho-e-renda-no-brasil\/\"]}]},{\"@type\":\"ImageObject\",\"inLanguage\":\"pt-BR\",\"@id\":\"https:\/\/ead.escoladieese.edu.br\/index.php\/produto\/politicas-publicas-de-emprego-trabalho-e-renda-no-brasil\/#primaryimage\",\"url\":\"https:\/\/ead.escoladieese.edu.br\/wp-content\/uploads\/2019\/02\/ctps.png\",\"contentUrl\":\"https:\/\/ead.escoladieese.edu.br\/wp-content\/uploads\/2019\/02\/ctps.png\",\"width\":640,\"height\":426,\"caption\":\"Foto: Edilson Rodrigues\/Ag\u00eancia Senado\"},{\"@type\":\"BreadcrumbList\",\"@id\":\"https:\/\/ead.escoladieese.edu.br\/index.php\/produto\/politicas-publicas-de-emprego-trabalho-e-renda-no-brasil\/#breadcrumb\",\"itemListElement\":[{\"@type\":\"ListItem\",\"position\":1,\"name\":\"In\u00edcio\",\"item\":\"https:\/\/ead.escoladieese.edu.br\/\"},{\"@type\":\"ListItem\",\"position\":2,\"name\":\"Courses\",\"item\":\"https:\/\/ead.escoladieese.edu.br\/index.php\/minha-conta\/courses\/\"},{\"@type\":\"ListItem\",\"position\":3,\"name\":\"Pol\u00edticas P\u00fablicas de Emprego, Trabalho e Renda no Brasil\"}]},{\"@type\":\"WebSite\",\"@id\":\"https:\/\/ead.escoladieese.edu.br\/#website\",\"url\":\"https:\/\/ead.escoladieese.edu.br\/\",\"name\":\"Escola Dieese de Ci\u00eancias do Trabalho\",\"description\":\"\",\"publisher\":{\"@id\":\"https:\/\/ead.escoladieese.edu.br\/#organization\"},\"potentialAction\":[{\"@type\":\"SearchAction\",\"target\":{\"@type\":\"EntryPoint\",\"urlTemplate\":\"https:\/\/ead.escoladieese.edu.br\/?s={search_term_string}\"},\"query-input\":\"required name=search_term_string\"}],\"inLanguage\":\"pt-BR\"},{\"@type\":\"Organization\",\"@id\":\"https:\/\/ead.escoladieese.edu.br\/#organization\",\"name\":\"Escola Dieese de Ci\u00eancias do Trabalho\",\"url\":\"https:\/\/ead.escoladieese.edu.br\/\",\"logo\":{\"@type\":\"ImageObject\",\"inLanguage\":\"pt-BR\",\"@id\":\"https:\/\/ead.escoladieese.edu.br\/#\/schema\/logo\/image\/\",\"url\":\"https:\/\/ead.escoladieese.edu.br\/wp-content\/uploads\/2019\/04\/cropped-dieese_3.png\",\"contentUrl\":\"https:\/\/ead.escoladieese.edu.br\/wp-content\/uploads\/2019\/04\/cropped-dieese_3.png\",\"width\":276,\"height\":71,\"caption\":\"Escola Dieese de Ci\u00eancias do Trabalho\"},\"image\":{\"@id\":\"https:\/\/ead.escoladieese.edu.br\/#\/schema\/logo\/image\/\"}}]}<\/script>\n<!-- \/ Yoast SEO plugin. -->","yoast_head_json":{"title":"Pol\u00edticas P\u00fablicas de Emprego, Trabalho e Renda no Brasil - Escola Dieese de Ci\u00eancias do Trabalho","robots":{"index":"index","follow":"follow","max-snippet":"max-snippet:-1","max-image-preview":"max-image-preview:large","max-video-preview":"max-video-preview:-1"},"canonical":"https:\/\/ead.escoladieese.edu.br\/index.php\/produto\/politicas-publicas-de-emprego-trabalho-e-renda-no-brasil\/","og_locale":"pt_BR","og_type":"article","og_title":"Pol\u00edticas P\u00fablicas de Emprego, Trabalho e Renda no Brasil - Escola Dieese de Ci\u00eancias do Trabalho","og_description":"Este curso est\u00e1 organizado em duas unidades de ensino: a primeira trata das Pol\u00edticas P\u00fablicas para voc\u00ea interpretar o conceito de pol\u00edticas p\u00fablicas, ciclo e atores;. A segunda aborda com mais especificidade as Pol\u00edticas P\u00fablicas de Emprego, Trabalho e Renda, sua constitui\u00e7\u00e3o no Brasil, seu processo tardio e fragmentado de implementa\u00e7\u00e3o e seus diferentes objetivos, como por exemplo, qualifica\u00e7\u00e3o profissional, inser\u00e7\u00e3o do trabalhador no mercado de trabalho e seguro desemprego. A partir desta abordagem voc\u00ea ir\u00e1 examinar os principais desafios para a consolida\u00e7\u00e3o de um sistema p\u00fablico de emprego, trabalho e renda no Brasil.","og_url":"https:\/\/ead.escoladieese.edu.br\/index.php\/produto\/politicas-publicas-de-emprego-trabalho-e-renda-no-brasil\/","og_site_name":"Escola Dieese de Ci\u00eancias do Trabalho","article_modified_time":"2019-12-09T14:08:00+00:00","og_image":[{"width":640,"height":426,"url":"https:\/\/ead.escoladieese.edu.br\/wp-content\/uploads\/2019\/02\/ctps.png","type":"image\/png"}],"twitter_card":"summary_large_image","schema":{"@context":"https:\/\/schema.org","@graph":[{"@type":"WebPage","@id":"https:\/\/ead.escoladieese.edu.br\/index.php\/produto\/politicas-publicas-de-emprego-trabalho-e-renda-no-brasil\/","url":"https:\/\/ead.escoladieese.edu.br\/index.php\/produto\/politicas-publicas-de-emprego-trabalho-e-renda-no-brasil\/","name":"Pol\u00edticas P\u00fablicas de Emprego, Trabalho e Renda no Brasil - Escola Dieese de Ci\u00eancias do Trabalho","isPartOf":{"@id":"https:\/\/ead.escoladieese.edu.br\/#website"},"primaryImageOfPage":{"@id":"https:\/\/ead.escoladieese.edu.br\/index.php\/produto\/politicas-publicas-de-emprego-trabalho-e-renda-no-brasil\/#primaryimage"},"image":{"@id":"https:\/\/ead.escoladieese.edu.br\/index.php\/produto\/politicas-publicas-de-emprego-trabalho-e-renda-no-brasil\/#primaryimage"},"thumbnailUrl":"https:\/\/ead.escoladieese.edu.br\/wp-content\/uploads\/2019\/02\/ctps.png","datePublished":"2019-02-20T15:25:49+00:00","dateModified":"2019-12-09T14:08:00+00:00","breadcrumb":{"@id":"https:\/\/ead.escoladieese.edu.br\/index.php\/produto\/politicas-publicas-de-emprego-trabalho-e-renda-no-brasil\/#breadcrumb"},"inLanguage":"pt-BR","potentialAction":[{"@type":"ReadAction","target":["https:\/\/ead.escoladieese.edu.br\/index.php\/produto\/politicas-publicas-de-emprego-trabalho-e-renda-no-brasil\/"]}]},{"@type":"ImageObject","inLanguage":"pt-BR","@id":"https:\/\/ead.escoladieese.edu.br\/index.php\/produto\/politicas-publicas-de-emprego-trabalho-e-renda-no-brasil\/#primaryimage","url":"https:\/\/ead.escoladieese.edu.br\/wp-content\/uploads\/2019\/02\/ctps.png","contentUrl":"https:\/\/ead.escoladieese.edu.br\/wp-content\/uploads\/2019\/02\/ctps.png","width":640,"height":426,"caption":"Foto: Edilson Rodrigues\/Ag\u00eancia Senado"},{"@type":"BreadcrumbList","@id":"https:\/\/ead.escoladieese.edu.br\/index.php\/produto\/politicas-publicas-de-emprego-trabalho-e-renda-no-brasil\/#breadcrumb","itemListElement":[{"@type":"ListItem","position":1,"name":"In\u00edcio","item":"https:\/\/ead.escoladieese.edu.br\/"},{"@type":"ListItem","position":2,"name":"Courses","item":"https:\/\/ead.escoladieese.edu.br\/index.php\/minha-conta\/courses\/"},{"@type":"ListItem","position":3,"name":"Pol\u00edticas P\u00fablicas de Emprego, Trabalho e Renda no Brasil"}]},{"@type":"WebSite","@id":"https:\/\/ead.escoladieese.edu.br\/#website","url":"https:\/\/ead.escoladieese.edu.br\/","name":"Escola Dieese de Ci\u00eancias do Trabalho","description":"","publisher":{"@id":"https:\/\/ead.escoladieese.edu.br\/#organization"},"potentialAction":[{"@type":"SearchAction","target":{"@type":"EntryPoint","urlTemplate":"https:\/\/ead.escoladieese.edu.br\/?s={search_term_string}"},"query-input":"required name=search_term_string"}],"inLanguage":"pt-BR"},{"@type":"Organization","@id":"https:\/\/ead.escoladieese.edu.br\/#organization","name":"Escola Dieese de Ci\u00eancias do Trabalho","url":"https:\/\/ead.escoladieese.edu.br\/","logo":{"@type":"ImageObject","inLanguage":"pt-BR","@id":"https:\/\/ead.escoladieese.edu.br\/#\/schema\/logo\/image\/","url":"https:\/\/ead.escoladieese.edu.br\/wp-content\/uploads\/2019\/04\/cropped-dieese_3.png","contentUrl":"https:\/\/ead.escoladieese.edu.br\/wp-content\/uploads\/2019\/04\/cropped-dieese_3.png","width":276,"height":71,"caption":"Escola Dieese de Ci\u00eancias do Trabalho"},"image":{"@id":"https:\/\/ead.escoladieese.edu.br\/#\/schema\/logo\/image\/"}}]}},"_links":{"self":[{"href":"https:\/\/ead.escoladieese.edu.br\/index.php\/wp-json\/wp\/v2\/product\/204"}],"collection":[{"href":"https:\/\/ead.escoladieese.edu.br\/index.php\/wp-json\/wp\/v2\/product"}],"about":[{"href":"https:\/\/ead.escoladieese.edu.br\/index.php\/wp-json\/wp\/v2\/types\/product"}],"version-history":[{"count":1,"href":"https:\/\/ead.escoladieese.edu.br\/index.php\/wp-json\/wp\/v2\/product\/204\/revisions"}],"predecessor-version":[{"id":784,"href":"https:\/\/ead.escoladieese.edu.br\/index.php\/wp-json\/wp\/v2\/product\/204\/revisions\/784"}],"wp:featuredmedia":[{"embeddable":true,"href":"https:\/\/ead.escoladieese.edu.br\/index.php\/wp-json\/wp\/v2\/media\/207"}],"wp:attachment":[{"href":"https:\/\/ead.escoladieese.edu.br\/index.php\/wp-json\/wp\/v2\/media?parent=204"}],"wp:term":[{"taxonomy":"product_cat","embeddable":true,"href":"https:\/\/ead.escoladieese.edu.br\/index.php\/wp-json\/wp\/v2\/product_cat?post=204"},{"taxonomy":"product_tag","embeddable":true,"href":"https:\/\/ead.escoladieese.edu.br\/index.php\/wp-json\/wp\/v2\/product_tag?post=204"}],"curies":[{"name":"wp","href":"https:\/\/api.w.org\/{rel}","templated":true}]}}