{"id":205,"date":"2019-02-20T12:25:49","date_gmt":"2019-02-20T15:25:49","guid":{"rendered":"https:\/\/ead.escoladieese.edu.br\/index.php\/produto\/metodologias-e-estatisticas-sobre-o-mercado-de-trabalho-no-brasil\/"},"modified":"2019-12-09T11:08:00","modified_gmt":"2019-12-09T14:08:00","slug":"metodologias-e-estatisticas-sobre-o-mercado-de-trabalho-no-brasil","status":"publish","type":"product","link":"https:\/\/ead.escoladieese.edu.br\/index.php\/produto\/metodologias-e-estatisticas-sobre-o-mercado-de-trabalho-no-brasil\/","title":{"rendered":"Metodologias e Estat\u00edsticas sobre o Mercado de Trabalho no Brasil"},"content":{"rendered":"","protected":false},"excerpt":{"rendered":"<p>Este curso \u00e9 composto por tr\u00eas unidades de ensino. Na unidade 1, voc\u00ea conhecer\u00e1 os Principais Indicadores Sociais, seus conceitos, medidas e aplica\u00e7\u00f5es na interpreta\u00e7\u00e3o do mercado de trabalho. J\u00e1 a Unidade 2, voc\u00ea ir\u00e1 identificar os Conceitos e Metodologias dos Registros Administrativos produzidos pelo Minist\u00e9rio do Trabalho \u2013 RAIS e CAGED &#8211; como importantes instrumentos de mensura\u00e7\u00e3o emprego formal no pa\u00eds. \u00c9 nesta unidade que destacamos as diferen\u00e7as metodol\u00f3gicas de cada um dos levantamentos. Em v\u00eddeos tutoriais, exploramos os principais indicadores para a an\u00e1lise do mercado de trabalho, nas bases online do Minist\u00e9rio do Trabalho. Na Unidade 3, aprofundamos e acrescentamos algumas Dimens\u00f5es Anal\u00edticas, Fontes de Informa\u00e7\u00f5es e Dados para ampliar a compreens\u00e3o da realidade local sobre a qual se pretende incidir.<\/p>\n","protected":false},"featured_media":208,"template":"","meta":{"_exactmetrics_skip_tracking":false,"_exactmetrics_sitenote_active":false,"_exactmetrics_sitenote_note":"","_exactmetrics_sitenote_category":0},"product_cat":[18],"product_tag":[],"class_list":{"0":"post-205","1":"product","2":"type-product","3":"status-publish","4":"has-post-thumbnail","6":"product_cat-escoladieese","8":"first","9":"outofstock","10":"downloadable","11":"virtual","12":"product-type-simple"},"yoast_head":"<!-- This site is optimized with the Yoast SEO plugin v23.3 - https:\/\/yoast.com\/wordpress\/plugins\/seo\/ -->\n<title>Metodologias e Estat\u00edsticas sobre o Mercado de Trabalho no Brasil - Escola Dieese de Ci\u00eancias do Trabalho<\/title>\n<meta name=\"robots\" content=\"index, follow, max-snippet:-1, max-image-preview:large, max-video-preview:-1\" \/>\n<link rel=\"canonical\" href=\"https:\/\/ead.escoladieese.edu.br\/index.php\/produto\/metodologias-e-estatisticas-sobre-o-mercado-de-trabalho-no-brasil\/\" \/>\n<meta property=\"og:locale\" content=\"pt_BR\" \/>\n<meta property=\"og:type\" content=\"article\" \/>\n<meta property=\"og:title\" content=\"Metodologias e Estat\u00edsticas sobre o Mercado de Trabalho no Brasil - Escola Dieese de Ci\u00eancias do Trabalho\" \/>\n<meta property=\"og:description\" content=\"Este curso \u00e9 composto por tr\u00eas unidades de ensino. Na unidade 1, voc\u00ea conhecer\u00e1 os Principais Indicadores Sociais, seus conceitos, medidas e aplica\u00e7\u00f5es na interpreta\u00e7\u00e3o do mercado de trabalho. J\u00e1 a Unidade 2, voc\u00ea ir\u00e1 identificar os Conceitos e Metodologias dos Registros Administrativos produzidos pelo Minist\u00e9rio do Trabalho \u2013 RAIS e CAGED - como importantes instrumentos de mensura\u00e7\u00e3o emprego formal no pa\u00eds. \u00c9 nesta unidade que destacamos as diferen\u00e7as metodol\u00f3gicas de cada um dos levantamentos. Em v\u00eddeos tutoriais, exploramos os principais indicadores para a an\u00e1lise do mercado de trabalho, nas bases online do Minist\u00e9rio do Trabalho. Na Unidade 3, aprofundamos e acrescentamos algumas Dimens\u00f5es Anal\u00edticas, Fontes de Informa\u00e7\u00f5es e Dados para ampliar a compreens\u00e3o da realidade local sobre a qual se pretende incidir.\" \/>\n<meta property=\"og:url\" content=\"https:\/\/ead.escoladieese.edu.br\/index.php\/produto\/metodologias-e-estatisticas-sobre-o-mercado-de-trabalho-no-brasil\/\" \/>\n<meta property=\"og:site_name\" content=\"Escola Dieese de Ci\u00eancias do Trabalho\" \/>\n<meta property=\"article:modified_time\" content=\"2019-12-09T14:08:00+00:00\" \/>\n<meta property=\"og:image\" content=\"https:\/\/ead.escoladieese.edu.br\/wp-content\/uploads\/2019\/02\/graph.png\" \/>\n\t<meta property=\"og:image:width\" content=\"640\" \/>\n\t<meta property=\"og:image:height\" content=\"426\" \/>\n\t<meta property=\"og:image:type\" content=\"image\/png\" \/>\n<meta name=\"twitter:card\" content=\"summary_large_image\" \/>\n<script type=\"application\/ld+json\" class=\"yoast-schema-graph\">{\"@context\":\"https:\/\/schema.org\",\"@graph\":[{\"@type\":\"WebPage\",\"@id\":\"https:\/\/ead.escoladieese.edu.br\/index.php\/produto\/metodologias-e-estatisticas-sobre-o-mercado-de-trabalho-no-brasil\/\",\"url\":\"https:\/\/ead.escoladieese.edu.br\/index.php\/produto\/metodologias-e-estatisticas-sobre-o-mercado-de-trabalho-no-brasil\/\",\"name\":\"Metodologias e Estat\u00edsticas sobre o Mercado de Trabalho no Brasil - Escola Dieese de Ci\u00eancias do Trabalho\",\"isPartOf\":{\"@id\":\"https:\/\/ead.escoladieese.edu.br\/#website\"},\"primaryImageOfPage\":{\"@id\":\"https:\/\/ead.escoladieese.edu.br\/index.php\/produto\/metodologias-e-estatisticas-sobre-o-mercado-de-trabalho-no-brasil\/#primaryimage\"},\"image\":{\"@id\":\"https:\/\/ead.escoladieese.edu.br\/index.php\/produto\/metodologias-e-estatisticas-sobre-o-mercado-de-trabalho-no-brasil\/#primaryimage\"},\"thumbnailUrl\":\"https:\/\/ead.escoladieese.edu.br\/wp-content\/uploads\/2019\/02\/graph.png\",\"datePublished\":\"2019-02-20T15:25:49+00:00\",\"dateModified\":\"2019-12-09T14:08:00+00:00\",\"breadcrumb\":{\"@id\":\"https:\/\/ead.escoladieese.edu.br\/index.php\/produto\/metodologias-e-estatisticas-sobre-o-mercado-de-trabalho-no-brasil\/#breadcrumb\"},\"inLanguage\":\"pt-BR\",\"potentialAction\":[{\"@type\":\"ReadAction\",\"target\":[\"https:\/\/ead.escoladieese.edu.br\/index.php\/produto\/metodologias-e-estatisticas-sobre-o-mercado-de-trabalho-no-brasil\/\"]}]},{\"@type\":\"ImageObject\",\"inLanguage\":\"pt-BR\",\"@id\":\"https:\/\/ead.escoladieese.edu.br\/index.php\/produto\/metodologias-e-estatisticas-sobre-o-mercado-de-trabalho-no-brasil\/#primaryimage\",\"url\":\"https:\/\/ead.escoladieese.edu.br\/wp-content\/uploads\/2019\/02\/graph.png\",\"contentUrl\":\"https:\/\/ead.escoladieese.edu.br\/wp-content\/uploads\/2019\/02\/graph.png\",\"width\":640,\"height\":426},{\"@type\":\"BreadcrumbList\",\"@id\":\"https:\/\/ead.escoladieese.edu.br\/index.php\/produto\/metodologias-e-estatisticas-sobre-o-mercado-de-trabalho-no-brasil\/#breadcrumb\",\"itemListElement\":[{\"@type\":\"ListItem\",\"position\":1,\"name\":\"In\u00edcio\",\"item\":\"https:\/\/ead.escoladieese.edu.br\/\"},{\"@type\":\"ListItem\",\"position\":2,\"name\":\"Courses\",\"item\":\"https:\/\/ead.escoladieese.edu.br\/index.php\/minha-conta\/courses\/\"},{\"@type\":\"ListItem\",\"position\":3,\"name\":\"Metodologias e Estat\u00edsticas sobre o Mercado de Trabalho no Brasil\"}]},{\"@type\":\"WebSite\",\"@id\":\"https:\/\/ead.escoladieese.edu.br\/#website\",\"url\":\"https:\/\/ead.escoladieese.edu.br\/\",\"name\":\"Escola Dieese de Ci\u00eancias do Trabalho\",\"description\":\"\",\"publisher\":{\"@id\":\"https:\/\/ead.escoladieese.edu.br\/#organization\"},\"potentialAction\":[{\"@type\":\"SearchAction\",\"target\":{\"@type\":\"EntryPoint\",\"urlTemplate\":\"https:\/\/ead.escoladieese.edu.br\/?s={search_term_string}\"},\"query-input\":\"required name=search_term_string\"}],\"inLanguage\":\"pt-BR\"},{\"@type\":\"Organization\",\"@id\":\"https:\/\/ead.escoladieese.edu.br\/#organization\",\"name\":\"Escola Dieese de Ci\u00eancias do Trabalho\",\"url\":\"https:\/\/ead.escoladieese.edu.br\/\",\"logo\":{\"@type\":\"ImageObject\",\"inLanguage\":\"pt-BR\",\"@id\":\"https:\/\/ead.escoladieese.edu.br\/#\/schema\/logo\/image\/\",\"url\":\"https:\/\/ead.escoladieese.edu.br\/wp-content\/uploads\/2019\/04\/cropped-dieese_3.png\",\"contentUrl\":\"https:\/\/ead.escoladieese.edu.br\/wp-content\/uploads\/2019\/04\/cropped-dieese_3.png\",\"width\":276,\"height\":71,\"caption\":\"Escola Dieese de Ci\u00eancias do Trabalho\"},\"image\":{\"@id\":\"https:\/\/ead.escoladieese.edu.br\/#\/schema\/logo\/image\/\"}}]}<\/script>\n<!-- \/ Yoast SEO plugin. -->","yoast_head_json":{"title":"Metodologias e Estat\u00edsticas sobre o Mercado de Trabalho no Brasil - Escola Dieese de Ci\u00eancias do Trabalho","robots":{"index":"index","follow":"follow","max-snippet":"max-snippet:-1","max-image-preview":"max-image-preview:large","max-video-preview":"max-video-preview:-1"},"canonical":"https:\/\/ead.escoladieese.edu.br\/index.php\/produto\/metodologias-e-estatisticas-sobre-o-mercado-de-trabalho-no-brasil\/","og_locale":"pt_BR","og_type":"article","og_title":"Metodologias e Estat\u00edsticas sobre o Mercado de Trabalho no Brasil - Escola Dieese de Ci\u00eancias do Trabalho","og_description":"Este curso \u00e9 composto por tr\u00eas unidades de ensino. Na unidade 1, voc\u00ea conhecer\u00e1 os Principais Indicadores Sociais, seus conceitos, medidas e aplica\u00e7\u00f5es na interpreta\u00e7\u00e3o do mercado de trabalho. J\u00e1 a Unidade 2, voc\u00ea ir\u00e1 identificar os Conceitos e Metodologias dos Registros Administrativos produzidos pelo Minist\u00e9rio do Trabalho \u2013 RAIS e CAGED - como importantes instrumentos de mensura\u00e7\u00e3o emprego formal no pa\u00eds. \u00c9 nesta unidade que destacamos as diferen\u00e7as metodol\u00f3gicas de cada um dos levantamentos. Em v\u00eddeos tutoriais, exploramos os principais indicadores para a an\u00e1lise do mercado de trabalho, nas bases online do Minist\u00e9rio do Trabalho. Na Unidade 3, aprofundamos e acrescentamos algumas Dimens\u00f5es Anal\u00edticas, Fontes de Informa\u00e7\u00f5es e Dados para ampliar a compreens\u00e3o da realidade local sobre a qual se pretende incidir.","og_url":"https:\/\/ead.escoladieese.edu.br\/index.php\/produto\/metodologias-e-estatisticas-sobre-o-mercado-de-trabalho-no-brasil\/","og_site_name":"Escola Dieese de Ci\u00eancias do Trabalho","article_modified_time":"2019-12-09T14:08:00+00:00","og_image":[{"width":640,"height":426,"url":"https:\/\/ead.escoladieese.edu.br\/wp-content\/uploads\/2019\/02\/graph.png","type":"image\/png"}],"twitter_card":"summary_large_image","schema":{"@context":"https:\/\/schema.org","@graph":[{"@type":"WebPage","@id":"https:\/\/ead.escoladieese.edu.br\/index.php\/produto\/metodologias-e-estatisticas-sobre-o-mercado-de-trabalho-no-brasil\/","url":"https:\/\/ead.escoladieese.edu.br\/index.php\/produto\/metodologias-e-estatisticas-sobre-o-mercado-de-trabalho-no-brasil\/","name":"Metodologias e Estat\u00edsticas sobre o Mercado de Trabalho no Brasil - Escola Dieese de Ci\u00eancias do Trabalho","isPartOf":{"@id":"https:\/\/ead.escoladieese.edu.br\/#website"},"primaryImageOfPage":{"@id":"https:\/\/ead.escoladieese.edu.br\/index.php\/produto\/metodologias-e-estatisticas-sobre-o-mercado-de-trabalho-no-brasil\/#primaryimage"},"image":{"@id":"https:\/\/ead.escoladieese.edu.br\/index.php\/produto\/metodologias-e-estatisticas-sobre-o-mercado-de-trabalho-no-brasil\/#primaryimage"},"thumbnailUrl":"https:\/\/ead.escoladieese.edu.br\/wp-content\/uploads\/2019\/02\/graph.png","datePublished":"2019-02-20T15:25:49+00:00","dateModified":"2019-12-09T14:08:00+00:00","breadcrumb":{"@id":"https:\/\/ead.escoladieese.edu.br\/index.php\/produto\/metodologias-e-estatisticas-sobre-o-mercado-de-trabalho-no-brasil\/#breadcrumb"},"inLanguage":"pt-BR","potentialAction":[{"@type":"ReadAction","target":["https:\/\/ead.escoladieese.edu.br\/index.php\/produto\/metodologias-e-estatisticas-sobre-o-mercado-de-trabalho-no-brasil\/"]}]},{"@type":"ImageObject","inLanguage":"pt-BR","@id":"https:\/\/ead.escoladieese.edu.br\/index.php\/produto\/metodologias-e-estatisticas-sobre-o-mercado-de-trabalho-no-brasil\/#primaryimage","url":"https:\/\/ead.escoladieese.edu.br\/wp-content\/uploads\/2019\/02\/graph.png","contentUrl":"https:\/\/ead.escoladieese.edu.br\/wp-content\/uploads\/2019\/02\/graph.png","width":640,"height":426},{"@type":"BreadcrumbList","@id":"https:\/\/ead.escoladieese.edu.br\/index.php\/produto\/metodologias-e-estatisticas-sobre-o-mercado-de-trabalho-no-brasil\/#breadcrumb","itemListElement":[{"@type":"ListItem","position":1,"name":"In\u00edcio","item":"https:\/\/ead.escoladieese.edu.br\/"},{"@type":"ListItem","position":2,"name":"Courses","item":"https:\/\/ead.escoladieese.edu.br\/index.php\/minha-conta\/courses\/"},{"@type":"ListItem","position":3,"name":"Metodologias e Estat\u00edsticas sobre o Mercado de Trabalho no Brasil"}]},{"@type":"WebSite","@id":"https:\/\/ead.escoladieese.edu.br\/#website","url":"https:\/\/ead.escoladieese.edu.br\/","name":"Escola Dieese de Ci\u00eancias do Trabalho","description":"","publisher":{"@id":"https:\/\/ead.escoladieese.edu.br\/#organization"},"potentialAction":[{"@type":"SearchAction","target":{"@type":"EntryPoint","urlTemplate":"https:\/\/ead.escoladieese.edu.br\/?s={search_term_string}"},"query-input":"required name=search_term_string"}],"inLanguage":"pt-BR"},{"@type":"Organization","@id":"https:\/\/ead.escoladieese.edu.br\/#organization","name":"Escola Dieese de Ci\u00eancias do Trabalho","url":"https:\/\/ead.escoladieese.edu.br\/","logo":{"@type":"ImageObject","inLanguage":"pt-BR","@id":"https:\/\/ead.escoladieese.edu.br\/#\/schema\/logo\/image\/","url":"https:\/\/ead.escoladieese.edu.br\/wp-content\/uploads\/2019\/04\/cropped-dieese_3.png","contentUrl":"https:\/\/ead.escoladieese.edu.br\/wp-content\/uploads\/2019\/04\/cropped-dieese_3.png","width":276,"height":71,"caption":"Escola Dieese de Ci\u00eancias do Trabalho"},"image":{"@id":"https:\/\/ead.escoladieese.edu.br\/#\/schema\/logo\/image\/"}}]}},"_links":{"self":[{"href":"https:\/\/ead.escoladieese.edu.br\/index.php\/wp-json\/wp\/v2\/product\/205"}],"collection":[{"href":"https:\/\/ead.escoladieese.edu.br\/index.php\/wp-json\/wp\/v2\/product"}],"about":[{"href":"https:\/\/ead.escoladieese.edu.br\/index.php\/wp-json\/wp\/v2\/types\/product"}],"version-history":[{"count":2,"href":"https:\/\/ead.escoladieese.edu.br\/index.php\/wp-json\/wp\/v2\/product\/205\/revisions"}],"predecessor-version":[{"id":785,"href":"https:\/\/ead.escoladieese.edu.br\/index.php\/wp-json\/wp\/v2\/product\/205\/revisions\/785"}],"wp:featuredmedia":[{"embeddable":true,"href":"https:\/\/ead.escoladieese.edu.br\/index.php\/wp-json\/wp\/v2\/media\/208"}],"wp:attachment":[{"href":"https:\/\/ead.escoladieese.edu.br\/index.php\/wp-json\/wp\/v2\/media?parent=205"}],"wp:term":[{"taxonomy":"product_cat","embeddable":true,"href":"https:\/\/ead.escoladieese.edu.br\/index.php\/wp-json\/wp\/v2\/product_cat?post=205"},{"taxonomy":"product_tag","embeddable":true,"href":"https:\/\/ead.escoladieese.edu.br\/index.php\/wp-json\/wp\/v2\/product_tag?post=205"}],"curies":[{"name":"wp","href":"https:\/\/api.w.org\/{rel}","templated":true}]}}